{"id":3706,"date":"2017-02-08T16:24:59","date_gmt":"2017-02-08T15:24:59","guid":{"rendered":"https:\/\/www.nodesign.net\/projets\/"},"modified":"2025-06-24T17:44:15","modified_gmt":"2025-06-24T15:44:15","slug":"projets","status":"publish","type":"page","link":"https:\/\/www.nodesign.net\/en\/projets\/","title":{"rendered":"Projects"},"content":{"rendered":"","protected":false},"excerpt":{"rendered":"","protected":false},"author":3,"featured_media":0,"parent":0,"menu_order":0,"comment_status":"closed","ping_status":"closed","template":"","meta":{"_exactmetrics_skip_tracking":false,"_exactmetrics_sitenote_active":false,"_exactmetrics_sitenote_note":"","_exactmetrics_sitenote_category":0,"footnotes":"","_links_to":"","_links_to_target":""},"yoast_head":"<!-- This site is optimized with the Yoast SEO plugin v24.0 - https:\/\/yoast.com\/wordpress\/plugins\/seo\/ -->\n<title>Projects - nodesign.net<\/title>\n<meta name=\"description\" content=\"NoDesign.net est une agence de design, d\u2019innovation et de cr\u00e9ation technologique, experte des nouveaux produits\u00a0: objets connect\u00e9s, services, interfaces, nouvelles fabrications, data, design urbain. NoDesign r\u00e9alise des actions de conseils sur les strat\u00e9gies d\u2019innovation par le design, organise ou participe \u00e0 des conf\u00e9rences, publie des textes sur le design et l\u2019innovation.\u00a0NoDesign con\u00e7oit \u00e9galement des expositions en tant que mus\u00e9ographes et commissaires. L&#039;agence intervient sur le spectre complet des projets de design confi\u00e9s.\" \/>\n<meta name=\"robots\" content=\"index, follow, max-snippet:-1, max-image-preview:large, max-video-preview:-1\" \/>\n<link rel=\"canonical\" href=\"https:\/\/www.nodesign.net\/en\/projets\/\" \/>\n<meta property=\"og:locale\" content=\"en_US\" \/>\n<meta property=\"og:type\" content=\"article\" \/>\n<meta property=\"og:title\" content=\"Projects - nodesign.net\" \/>\n<meta property=\"og:description\" content=\"NoDesign.net est une agence de design, d\u2019innovation et de cr\u00e9ation technologique, experte des nouveaux produits\u00a0: objets connect\u00e9s, services, interfaces, nouvelles fabrications, data, design urbain. NoDesign r\u00e9alise des actions de conseils sur les strat\u00e9gies d\u2019innovation par le design, organise ou participe \u00e0 des conf\u00e9rences, publie des textes sur le design et l\u2019innovation.\u00a0NoDesign con\u00e7oit \u00e9galement des expositions en tant que mus\u00e9ographes et commissaires. L&#039;agence intervient sur le spectre complet des projets de design confi\u00e9s.\" \/>\n<meta property=\"og:url\" content=\"https:\/\/www.nodesign.net\/en\/projets\/\" \/>\n<meta property=\"og:site_name\" content=\"nodesign.net\" \/>\n<meta property=\"article:modified_time\" content=\"2025-06-24T15:44:15+00:00\" \/>\n<meta name=\"twitter:card\" content=\"summary_large_image\" \/>\n<script type=\"application\/ld+json\" class=\"yoast-schema-graph\">{\"@context\":\"https:\/\/schema.org\",\"@graph\":[{\"@type\":\"WebPage\",\"@id\":\"https:\/\/www.nodesign.net\/en\/projets\/\",\"url\":\"https:\/\/www.nodesign.net\/en\/projets\/\",\"name\":\"Projects - nodesign.net\",\"isPartOf\":{\"@id\":\"https:\/\/www.nodesign.net\/en\/#website\"},\"datePublished\":\"2017-02-08T15:24:59+00:00\",\"dateModified\":\"2025-06-24T15:44:15+00:00\",\"description\":\"NoDesign.net est une agence de design, d\u2019innovation et de cr\u00e9ation technologique, experte des nouveaux produits\u00a0: objets connect\u00e9s, services, interfaces, nouvelles fabrications, data, design urbain. NoDesign r\u00e9alise des actions de conseils sur les strat\u00e9gies d\u2019innovation par le design, organise ou participe \u00e0 des conf\u00e9rences, publie des textes sur le design et l\u2019innovation.\u00a0NoDesign con\u00e7oit \u00e9galement des expositions en tant que mus\u00e9ographes et commissaires. L'agence intervient sur le spectre complet des projets de design confi\u00e9s.\",\"breadcrumb\":{\"@id\":\"https:\/\/www.nodesign.net\/en\/projets\/#breadcrumb\"},\"inLanguage\":\"en-US\",\"potentialAction\":[{\"@type\":\"ReadAction\",\"target\":[\"https:\/\/www.nodesign.net\/en\/projets\/\"]}]},{\"@type\":\"BreadcrumbList\",\"@id\":\"https:\/\/www.nodesign.net\/en\/projets\/#breadcrumb\",\"itemListElement\":[{\"@type\":\"ListItem\",\"position\":1,\"name\":\"Accueil\",\"item\":\"https:\/\/www.nodesign.net\/en\/home\/\"},{\"@type\":\"ListItem\",\"position\":2,\"name\":\"Projects\"}]},{\"@type\":\"WebSite\",\"@id\":\"https:\/\/www.nodesign.net\/en\/#website\",\"url\":\"https:\/\/www.nodesign.net\/en\/\",\"name\":\"nodesign.net\",\"description\":\"innovation through design\",\"potentialAction\":[{\"@type\":\"SearchAction\",\"target\":{\"@type\":\"EntryPoint\",\"urlTemplate\":\"https:\/\/www.nodesign.net\/en\/?s={search_term_string}\"},\"query-input\":{\"@type\":\"PropertyValueSpecification\",\"valueRequired\":true,\"valueName\":\"search_term_string\"}}],\"inLanguage\":\"en-US\"}]}<\/script>\n<!-- \/ Yoast SEO plugin. -->","yoast_head_json":{"title":"Projects - nodesign.net","description":"NoDesign.net est une agence de design, d\u2019innovation et de cr\u00e9ation technologique, experte des nouveaux produits\u00a0: objets connect\u00e9s, services, interfaces, nouvelles fabrications, data, design urbain. NoDesign r\u00e9alise des actions de conseils sur les strat\u00e9gies d\u2019innovation par le design, organise ou participe \u00e0 des conf\u00e9rences, publie des textes sur le design et l\u2019innovation.\u00a0NoDesign con\u00e7oit \u00e9galement des expositions en tant que mus\u00e9ographes et commissaires. L'agence intervient sur le spectre complet des projets de design confi\u00e9s.","robots":{"index":"index","follow":"follow","max-snippet":"max-snippet:-1","max-image-preview":"max-image-preview:large","max-video-preview":"max-video-preview:-1"},"canonical":"https:\/\/www.nodesign.net\/en\/projets\/","og_locale":"en_US","og_type":"article","og_title":"Projects - nodesign.net","og_description":"NoDesign.net est une agence de design, d\u2019innovation et de cr\u00e9ation technologique, experte des nouveaux produits\u00a0: objets connect\u00e9s, services, interfaces, nouvelles fabrications, data, design urbain. NoDesign r\u00e9alise des actions de conseils sur les strat\u00e9gies d\u2019innovation par le design, organise ou participe \u00e0 des conf\u00e9rences, publie des textes sur le design et l\u2019innovation.\u00a0NoDesign con\u00e7oit \u00e9galement des expositions en tant que mus\u00e9ographes et commissaires. L'agence intervient sur le spectre complet des projets de design confi\u00e9s.","og_url":"https:\/\/www.nodesign.net\/en\/projets\/","og_site_name":"nodesign.net","article_modified_time":"2025-06-24T15:44:15+00:00","twitter_card":"summary_large_image","schema":{"@context":"https:\/\/schema.org","@graph":[{"@type":"WebPage","@id":"https:\/\/www.nodesign.net\/en\/projets\/","url":"https:\/\/www.nodesign.net\/en\/projets\/","name":"Projects - nodesign.net","isPartOf":{"@id":"https:\/\/www.nodesign.net\/en\/#website"},"datePublished":"2017-02-08T15:24:59+00:00","dateModified":"2025-06-24T15:44:15+00:00","description":"NoDesign.net est une agence de design, d\u2019innovation et de cr\u00e9ation technologique, experte des nouveaux produits\u00a0: objets connect\u00e9s, services, interfaces, nouvelles fabrications, data, design urbain. NoDesign r\u00e9alise des actions de conseils sur les strat\u00e9gies d\u2019innovation par le design, organise ou participe \u00e0 des conf\u00e9rences, publie des textes sur le design et l\u2019innovation.\u00a0NoDesign con\u00e7oit \u00e9galement des expositions en tant que mus\u00e9ographes et commissaires. L'agence intervient sur le spectre complet des projets de design confi\u00e9s.","breadcrumb":{"@id":"https:\/\/www.nodesign.net\/en\/projets\/#breadcrumb"},"inLanguage":"en-US","potentialAction":[{"@type":"ReadAction","target":["https:\/\/www.nodesign.net\/en\/projets\/"]}]},{"@type":"BreadcrumbList","@id":"https:\/\/www.nodesign.net\/en\/projets\/#breadcrumb","itemListElement":[{"@type":"ListItem","position":1,"name":"Accueil","item":"https:\/\/www.nodesign.net\/en\/home\/"},{"@type":"ListItem","position":2,"name":"Projects"}]},{"@type":"WebSite","@id":"https:\/\/www.nodesign.net\/en\/#website","url":"https:\/\/www.nodesign.net\/en\/","name":"nodesign.net","description":"innovation through design","potentialAction":[{"@type":"SearchAction","target":{"@type":"EntryPoint","urlTemplate":"https:\/\/www.nodesign.net\/en\/?s={search_term_string}"},"query-input":{"@type":"PropertyValueSpecification","valueRequired":true,"valueName":"search_term_string"}}],"inLanguage":"en-US"}]}},"_links":{"self":[{"href":"https:\/\/www.nodesign.net\/en\/wp-json\/wp\/v2\/pages\/3706"}],"collection":[{"href":"https:\/\/www.nodesign.net\/en\/wp-json\/wp\/v2\/pages"}],"about":[{"href":"https:\/\/www.nodesign.net\/en\/wp-json\/wp\/v2\/types\/page"}],"author":[{"embeddable":true,"href":"https:\/\/www.nodesign.net\/en\/wp-json\/wp\/v2\/users\/3"}],"replies":[{"embeddable":true,"href":"https:\/\/www.nodesign.net\/en\/wp-json\/wp\/v2\/comments?post=3706"}],"version-history":[{"count":1,"href":"https:\/\/www.nodesign.net\/en\/wp-json\/wp\/v2\/pages\/3706\/revisions"}],"predecessor-version":[{"id":9472,"href":"https:\/\/www.nodesign.net\/en\/wp-json\/wp\/v2\/pages\/3706\/revisions\/9472"}],"wp:attachment":[{"href":"https:\/\/www.nodesign.net\/en\/wp-json\/wp\/v2\/media?parent=3706"}],"curies":[{"name":"wp","href":"https:\/\/api.w.org\/{rel}","templated":true}]}}