{"id":3671,"date":"2011-11-30T10:34:46","date_gmt":"2011-11-30T09:34:46","guid":{"rendered":"https:\/\/www.nodesign.net\/design-strategique\/"},"modified":"2020-01-15T15:47:53","modified_gmt":"2020-01-15T14:47:53","slug":"design-strategique","status":"publish","type":"page","link":"https:\/\/www.nodesign.net\/en\/design-strategique\/","title":{"rendered":"Strategic design"},"content":{"rendered":"<div class=\"text_box_left\">\n<div class=\"paragraph\">\n<p>Nodesign est une agence de conseil en Design strat\u00e9gique. Afin de r\u00e9pondre \u00e0 la sp\u00e9cificit\u00e9 de chaque entreprise, l\u2019agence utilise une vari\u00e9t\u00e9 de recherches et d\u2019exp\u00e9riences trans-sectorielles pour aborder les besoins, les attentes et les enjeux d\u2019une bonne politique de design et d\u2019innovation. L\u2019objectif est d\u2019aider les entreprises \u00e0 se diff\u00e9rencier et \u00e0 innover par des politiques raisonn\u00e9es de conception de produits et de services, afin de r\u00e9pondre aux enjeux de l\u2019\u00e9conomie du service, de l&#8217;exp\u00e9rience et du contexte.<\/p>\n<\/div>\n<div class=\"paragraph\">\n<div class=\"title\">\n<h4>Le design strat\u00e9gique pense au del\u00e0 de la cr\u00e9ation de produit.<\/h4>\n<\/div>\n<p>Strat\u00e9gies de design:<\/p>\n<ul>\n<li>Mise en place de politique Design<\/li>\n<li>Strat\u00e9gies op\u00e9rationnelles de design<\/li>\n<li>Organisation des process design<\/li>\n<li>Meta \u2013 Design corporate<\/li>\n<li>Audit des Actifs Design<\/li>\n<li>Management de projets de cr\u00e9ation<\/li>\n<li>Animation de sessions de strat\u00e9gies cr\u00e9atives<\/li>\n<li>Formation au design avanc\u00e9<\/li>\n<li>\u00ab\u00a0Design intelligence\u00a0\u00bb, \u00ab\u00a0esprit du design\u00a0\u00bb et \u00ab\u00a0nouveau design\u00a0\u00bb<\/li>\n<li>Sourcing talent<\/li>\n<\/ul>\n<\/div>\n<div class=\"paragraph\">\n<div class=\"title\">\n<h4>La strat\u00e9gie est la fondation pour cr\u00e9er et g\u00e9rer toute politique de design.<\/h4>\n<\/div>\n<p>Strat\u00e9gie: Marque &#8211; Produit &#8211; Service<\/p>\n<ul>\n<li>Strat\u00e9gies de cr\u00e9ation et d\u2019innovation par le design<\/li>\n<li>Meta-Design: produit &#8211; service &#8211; identit\u00e9 &#8211; marque<\/li>\n<li>Nouveaux besoins (Observer)<\/li>\n<li>Nouveaux produits (Cr\u00e9er)<\/li>\n<li>Cahier des charges cr\u00e9atif<\/li>\n<li>\u00c9tudes de cas<\/li>\n<\/ul>\n<p>NoDesign est engag\u00e9e dans des projets autour des villes intelligentes, de l&#8217;internet des objets, des services de t\u00e9l\u00e9vision, d&#8217;\u00e9ducation et de services et plateformes de donn\u00e9es.<\/p>\n<\/div>\n<\/div>\n","protected":false},"excerpt":{"rendered":"<p>Nodesign est une agence de conseil en Design strat\u00e9gique. Afin de r\u00e9pondre \u00e0 la sp\u00e9cificit\u00e9 de chaque entreprise, l\u2019agence utilise une vari\u00e9t\u00e9 de recherches et d\u2019exp\u00e9riences trans-sectorielles pour aborder les besoins, les attentes et les enjeux d\u2019une bonne politique de design et d\u2019innovation. L\u2019objectif est d\u2019aider les entreprises \u00e0 se diff\u00e9rencier et \u00e0 innover par [&hellip;]<\/p>\n","protected":false},"author":3,"featured_media":0,"parent":0,"menu_order":0,"comment_status":"closed","ping_status":"closed","template":"","meta":{"_exactmetrics_skip_tracking":false,"_exactmetrics_sitenote_active":false,"_exactmetrics_sitenote_note":"","_exactmetrics_sitenote_category":0,"footnotes":"","_links_to":"","_links_to_target":""},"yoast_head":"<!-- This site is optimized with the Yoast SEO plugin v24.0 - https:\/\/yoast.com\/wordpress\/plugins\/seo\/ -->\n<title>Strategic design - nodesign.net strat\u00e9gie de design et design strat\u00e9gique<\/title>\n<meta name=\"description\" content=\"Nodesign, experte en Design strat\u00e9gique, conseille les marques en devenir, les marques agiles,comme les marques qui veulent se r\u00e9inventer et se diff\u00e9rencier\" \/>\n<meta name=\"robots\" content=\"index, follow, max-snippet:-1, max-image-preview:large, max-video-preview:-1\" \/>\n<link rel=\"canonical\" href=\"https:\/\/www.nodesign.net\/en\/design-strategique\/\" \/>\n<meta property=\"og:locale\" content=\"en_US\" \/>\n<meta property=\"og:type\" content=\"article\" \/>\n<meta property=\"og:title\" content=\"Strategic design - nodesign.net strat\u00e9gie de design et design strat\u00e9gique\" \/>\n<meta property=\"og:description\" content=\"Nodesign, experte en Design strat\u00e9gique, conseille les marques en devenir, les marques agiles,comme les marques qui veulent se r\u00e9inventer et se diff\u00e9rencier\" \/>\n<meta property=\"og:url\" content=\"https:\/\/www.nodesign.net\/en\/design-strategique\/\" \/>\n<meta property=\"og:site_name\" content=\"nodesign.net\" \/>\n<meta property=\"article:modified_time\" content=\"2020-01-15T14:47:53+00:00\" \/>\n<meta name=\"twitter:card\" content=\"summary_large_image\" \/>\n<meta name=\"twitter:label1\" content=\"Est. reading time\" \/>\n\t<meta name=\"twitter:data1\" content=\"1 minute\" \/>\n<script type=\"application\/ld+json\" class=\"yoast-schema-graph\">{\"@context\":\"https:\/\/schema.org\",\"@graph\":[{\"@type\":\"WebPage\",\"@id\":\"https:\/\/www.nodesign.net\/en\/design-strategique\/\",\"url\":\"https:\/\/www.nodesign.net\/en\/design-strategique\/\",\"name\":\"Strategic design - nodesign.net strat\u00e9gie de design et design strat\u00e9gique\",\"isPartOf\":{\"@id\":\"https:\/\/www.nodesign.net\/en\/#website\"},\"datePublished\":\"2011-11-30T09:34:46+00:00\",\"dateModified\":\"2020-01-15T14:47:53+00:00\",\"description\":\"Nodesign, experte en Design strat\u00e9gique, conseille les marques en devenir, les marques agiles,comme les marques qui veulent se r\u00e9inventer et se diff\u00e9rencier\",\"breadcrumb\":{\"@id\":\"https:\/\/www.nodesign.net\/en\/design-strategique\/#breadcrumb\"},\"inLanguage\":\"en-US\",\"potentialAction\":[{\"@type\":\"ReadAction\",\"target\":[\"https:\/\/www.nodesign.net\/en\/design-strategique\/\"]}]},{\"@type\":\"BreadcrumbList\",\"@id\":\"https:\/\/www.nodesign.net\/en\/design-strategique\/#breadcrumb\",\"itemListElement\":[{\"@type\":\"ListItem\",\"position\":1,\"name\":\"Accueil\",\"item\":\"https:\/\/www.nodesign.net\/en\/home\/\"},{\"@type\":\"ListItem\",\"position\":2,\"name\":\"Strategic design\"}]},{\"@type\":\"WebSite\",\"@id\":\"https:\/\/www.nodesign.net\/en\/#website\",\"url\":\"https:\/\/www.nodesign.net\/en\/\",\"name\":\"nodesign.net\",\"description\":\"innovation through design\",\"potentialAction\":[{\"@type\":\"SearchAction\",\"target\":{\"@type\":\"EntryPoint\",\"urlTemplate\":\"https:\/\/www.nodesign.net\/en\/?s={search_term_string}\"},\"query-input\":{\"@type\":\"PropertyValueSpecification\",\"valueRequired\":true,\"valueName\":\"search_term_string\"}}],\"inLanguage\":\"en-US\"}]}<\/script>\n<!-- \/ Yoast SEO plugin. -->","yoast_head_json":{"title":"Strategic design - nodesign.net strat\u00e9gie de design et design strat\u00e9gique","description":"Nodesign, experte en Design strat\u00e9gique, conseille les marques en devenir, les marques agiles,comme les marques qui veulent se r\u00e9inventer et se diff\u00e9rencier","robots":{"index":"index","follow":"follow","max-snippet":"max-snippet:-1","max-image-preview":"max-image-preview:large","max-video-preview":"max-video-preview:-1"},"canonical":"https:\/\/www.nodesign.net\/en\/design-strategique\/","og_locale":"en_US","og_type":"article","og_title":"Strategic design - nodesign.net strat\u00e9gie de design et design strat\u00e9gique","og_description":"Nodesign, experte en Design strat\u00e9gique, conseille les marques en devenir, les marques agiles,comme les marques qui veulent se r\u00e9inventer et se diff\u00e9rencier","og_url":"https:\/\/www.nodesign.net\/en\/design-strategique\/","og_site_name":"nodesign.net","article_modified_time":"2020-01-15T14:47:53+00:00","twitter_card":"summary_large_image","twitter_misc":{"Est. reading time":"1 minute"},"schema":{"@context":"https:\/\/schema.org","@graph":[{"@type":"WebPage","@id":"https:\/\/www.nodesign.net\/en\/design-strategique\/","url":"https:\/\/www.nodesign.net\/en\/design-strategique\/","name":"Strategic design - nodesign.net strat\u00e9gie de design et design strat\u00e9gique","isPartOf":{"@id":"https:\/\/www.nodesign.net\/en\/#website"},"datePublished":"2011-11-30T09:34:46+00:00","dateModified":"2020-01-15T14:47:53+00:00","description":"Nodesign, experte en Design strat\u00e9gique, conseille les marques en devenir, les marques agiles,comme les marques qui veulent se r\u00e9inventer et se diff\u00e9rencier","breadcrumb":{"@id":"https:\/\/www.nodesign.net\/en\/design-strategique\/#breadcrumb"},"inLanguage":"en-US","potentialAction":[{"@type":"ReadAction","target":["https:\/\/www.nodesign.net\/en\/design-strategique\/"]}]},{"@type":"BreadcrumbList","@id":"https:\/\/www.nodesign.net\/en\/design-strategique\/#breadcrumb","itemListElement":[{"@type":"ListItem","position":1,"name":"Accueil","item":"https:\/\/www.nodesign.net\/en\/home\/"},{"@type":"ListItem","position":2,"name":"Strategic design"}]},{"@type":"WebSite","@id":"https:\/\/www.nodesign.net\/en\/#website","url":"https:\/\/www.nodesign.net\/en\/","name":"nodesign.net","description":"innovation through design","potentialAction":[{"@type":"SearchAction","target":{"@type":"EntryPoint","urlTemplate":"https:\/\/www.nodesign.net\/en\/?s={search_term_string}"},"query-input":{"@type":"PropertyValueSpecification","valueRequired":true,"valueName":"search_term_string"}}],"inLanguage":"en-US"}]}},"_links":{"self":[{"href":"https:\/\/www.nodesign.net\/en\/wp-json\/wp\/v2\/pages\/3671"}],"collection":[{"href":"https:\/\/www.nodesign.net\/en\/wp-json\/wp\/v2\/pages"}],"about":[{"href":"https:\/\/www.nodesign.net\/en\/wp-json\/wp\/v2\/types\/page"}],"author":[{"embeddable":true,"href":"https:\/\/www.nodesign.net\/en\/wp-json\/wp\/v2\/users\/3"}],"replies":[{"embeddable":true,"href":"https:\/\/www.nodesign.net\/en\/wp-json\/wp\/v2\/comments?post=3671"}],"version-history":[{"count":0,"href":"https:\/\/www.nodesign.net\/en\/wp-json\/wp\/v2\/pages\/3671\/revisions"}],"wp:attachment":[{"href":"https:\/\/www.nodesign.net\/en\/wp-json\/wp\/v2\/media?parent=3671"}],"curies":[{"name":"wp","href":"https:\/\/api.w.org\/{rel}","templated":true}]}}